{"id":17778,"date":"2019-11-05T11:01:27","date_gmt":"2019-11-05T10:01:27","guid":{"rendered":"https:\/\/www.xlboom.com\/product\/dim-stripe-large-smoke-grey\/"},"modified":"2024-07-17T13:27:40","modified_gmt":"2024-07-17T11:27:40","slug":"dim-stripe-large-gris-fonce","status":"publish","type":"product","link":"https:\/\/www.xlboom.com\/fr\/Produit\/dim-stripe-large-gris-fonce\/","title":{"rendered":"Dim Stripe Large"},"content":{"rendered":"\n<p>Un vase est toujours utile, n\u2019est-ce pas ? Les vases Dim sont faits de verre souffl\u00e9 \u00e0 la bouche, r\u00e9sistant au lave-vaisselle. Les couleurs neutres font briller toutes vos fleurs. Dim est disponible en 3 structures de verre diff\u00e9rentes. Selon votre humeur, vous pouvez opter pour la version de base ou peut-\u00eatre pour la version plus audacieuse. Fleurs ou bougies, ces vases \u00e9gayeront toujours votre int\u00e9rieur.<\/p>\n","protected":false},"excerpt":{"rendered":"<p>Un vase est toujours utile, n\u2019est-ce pas ? Les vases Dim sont faits de verre souffl\u00e9 \u00e0 la bouche, r\u00e9sistant au lave-vaisselle. Les couleurs neutres font briller toutes vos fleurs. Dim est disponible en 3 structures de verre diff\u00e9rentes. Selon votre humeur, vous pouvez opter pour la version de base ou peut-\u00eatre pour la version [&hellip;]<\/p>\n","protected":false},"featured_media":16343,"comment_status":"closed","ping_status":"closed","template":"","meta":{"_acf_changed":false,"inline_featured_image":false,"footnotes":""},"product_brand":[],"product_cat":[707,617,928],"product_tag":[],"giftcard-category":[],"woo-feed-brand":[],"class_list":{"0":"post-17778","1":"product","2":"type-product","3":"status-publish","4":"has-post-thumbnail","6":"product_cat-fleurs-plants","7":"product_cat-vases-2-fr","8":"product_cat-outlet-fr","9":"pa_designer-xlboom-fr","11":"first","12":"outofstock","13":"taxable","14":"shipping-taxable","15":"purchasable","16":"product-type-simple"},"acf":[],"yoast_head":"<!-- This site is optimized with the Yoast SEO plugin v27.0 - https:\/\/yoast.com\/product\/yoast-seo-wordpress\/ -->\n<title>Dim Stripe Large - Gris Fonc\u00e9 - XLBoom - Vases \u00e0 Fleurs Color\u00e9s<\/title>\n<meta name=\"description\" content=\"Bougeoir ou vase \u00e0 fleurs ? Quelle que soit la raison, les Dim stripe large gris fonc\u00e9 vases \u00e0 fleurs sont les indispensables de la maison.\" \/>\n<meta name=\"robots\" content=\"index, follow, max-snippet:-1, max-image-preview:large, max-video-preview:-1\" \/>\n<link rel=\"canonical\" href=\"https:\/\/www.xlboom.com\/fr\/Produit\/dim-stripe-large-gris-fonce\/\" \/>\n<meta property=\"og:locale\" content=\"fr_FR\" \/>\n<meta property=\"og:type\" content=\"article\" \/>\n<meta property=\"og:title\" content=\"Dim Stripe Large - Gris Fonc\u00e9 - XLBoom - Vases \u00e0 Fleurs Color\u00e9s\" \/>\n<meta property=\"og:description\" content=\"Bougeoir ou vase \u00e0 fleurs ? Quelle que soit la raison, les Dim stripe large gris fonc\u00e9 vases \u00e0 fleurs sont les indispensables de la maison.\" \/>\n<meta property=\"og:url\" content=\"https:\/\/www.xlboom.com\/fr\/Produit\/dim-stripe-large-gris-fonce\/\" \/>\n<meta property=\"og:site_name\" content=\"XLBoom\" \/>\n<meta property=\"article:publisher\" content=\"https:\/\/www.facebook.com\/XLBoom\/\" \/>\n<meta property=\"article:modified_time\" content=\"2024-07-17T11:27:40+00:00\" \/>\n<meta property=\"og:image\" content=\"https:\/\/www.xlboom.com\/wp-content\/uploads\/2019\/11\/XLBA149023-48-scaled.jpg\" \/>\n\t<meta property=\"og:image:width\" content=\"2560\" \/>\n\t<meta property=\"og:image:height\" content=\"2560\" \/>\n\t<meta property=\"og:image:type\" content=\"image\/jpeg\" \/>\n<meta name=\"twitter:card\" content=\"summary_large_image\" \/>\n<meta name=\"twitter:label1\" content=\"Dur\u00e9e de lecture estim\u00e9e\" \/>\n\t<meta name=\"twitter:data1\" content=\"1 minute\" \/>\n<!-- \/ Yoast SEO plugin. -->","yoast_head_json":{"title":"Dim Stripe Large - Gris Fonc\u00e9 - XLBoom - Vases \u00e0 Fleurs Color\u00e9s","description":"Bougeoir ou vase \u00e0 fleurs ? Quelle que soit la raison, les Dim stripe large gris fonc\u00e9 vases \u00e0 fleurs sont les indispensables de la maison.","robots":{"index":"index","follow":"follow","max-snippet":"max-snippet:-1","max-image-preview":"max-image-preview:large","max-video-preview":"max-video-preview:-1"},"canonical":"https:\/\/www.xlboom.com\/fr\/Produit\/dim-stripe-large-gris-fonce\/","og_locale":"fr_FR","og_type":"article","og_title":"Dim Stripe Large - Gris Fonc\u00e9 - XLBoom - Vases \u00e0 Fleurs Color\u00e9s","og_description":"Bougeoir ou vase \u00e0 fleurs ? Quelle que soit la raison, les Dim stripe large gris fonc\u00e9 vases \u00e0 fleurs sont les indispensables de la maison.","og_url":"https:\/\/www.xlboom.com\/fr\/Produit\/dim-stripe-large-gris-fonce\/","og_site_name":"XLBoom","article_publisher":"https:\/\/www.facebook.com\/XLBoom\/","article_modified_time":"2024-07-17T11:27:40+00:00","og_image":[{"width":2560,"height":2560,"url":"https:\/\/www.xlboom.com\/wp-content\/uploads\/2019\/11\/XLBA149023-48-scaled.jpg","type":"image\/jpeg"}],"twitter_card":"summary_large_image","twitter_misc":{"Dur\u00e9e de lecture estim\u00e9e":"1 minute"},"schema":{"@context":"https:\/\/schema.org","@graph":[{"@type":"WebPage","@id":"https:\/\/www.xlboom.com\/fr\/Produit\/dim-stripe-large-gris-fonce\/","url":"https:\/\/www.xlboom.com\/fr\/Produit\/dim-stripe-large-gris-fonce\/","name":"Dim Stripe Large - Gris Fonc\u00e9 - XLBoom - Vases \u00e0 Fleurs Color\u00e9s","isPartOf":{"@id":"https:\/\/xlboom.com\/en\/#website"},"primaryImageOfPage":{"@id":"https:\/\/www.xlboom.com\/fr\/Produit\/dim-stripe-large-gris-fonce\/#primaryimage"},"image":{"@id":"https:\/\/www.xlboom.com\/fr\/Produit\/dim-stripe-large-gris-fonce\/#primaryimage"},"thumbnailUrl":"https:\/\/www.xlboom.com\/wp-content\/uploads\/2019\/11\/XLBA149023-48-scaled.jpg","datePublished":"2019-11-05T10:01:27+00:00","dateModified":"2024-07-17T11:27:40+00:00","description":"Bougeoir ou vase \u00e0 fleurs ? Quelle que soit la raison, les Dim stripe large gris fonc\u00e9 vases \u00e0 fleurs sont les indispensables de la maison.","breadcrumb":{"@id":"https:\/\/www.xlboom.com\/fr\/Produit\/dim-stripe-large-gris-fonce\/#breadcrumb"},"inLanguage":"fr-FR","potentialAction":[{"@type":"ReadAction","target":["https:\/\/www.xlboom.com\/fr\/Produit\/dim-stripe-large-gris-fonce\/"]}]},{"@type":"ImageObject","inLanguage":"fr-FR","@id":"https:\/\/www.xlboom.com\/fr\/Produit\/dim-stripe-large-gris-fonce\/#primaryimage","url":"https:\/\/www.xlboom.com\/wp-content\/uploads\/2019\/11\/XLBA149023-48-scaled.jpg","contentUrl":"https:\/\/www.xlboom.com\/wp-content\/uploads\/2019\/11\/XLBA149023-48-scaled.jpg","width":2560,"height":2560,"caption":"Dim stripe large smoke grey"},{"@type":"BreadcrumbList","@id":"https:\/\/www.xlboom.com\/fr\/Produit\/dim-stripe-large-gris-fonce\/#breadcrumb","itemListElement":[{"@type":"ListItem","position":1,"name":"Home","item":"https:\/\/www.xlboom.com\/fr\/"},{"@type":"ListItem","position":2,"name":"Shop","item":"https:\/\/www.xlboom.com\/fr\/shop\/"},{"@type":"ListItem","position":3,"name":"Dim Stripe Large"}]},{"@type":"WebSite","@id":"https:\/\/xlboom.com\/en\/#website","url":"https:\/\/xlboom.com\/en\/","name":"XLBoom","description":"Elaborate objects for in- and outdoors","publisher":{"@id":"https:\/\/xlboom.com\/en\/#organization"},"potentialAction":[{"@type":"SearchAction","target":{"@type":"EntryPoint","urlTemplate":"https:\/\/xlboom.com\/en\/?s={search_term_string}"},"query-input":{"@type":"PropertyValueSpecification","valueRequired":true,"valueName":"search_term_string"}}],"inLanguage":"fr-FR"},{"@type":"Organization","@id":"https:\/\/xlboom.com\/en\/#organization","name":"XL Boom","url":"https:\/\/xlboom.com\/en\/","logo":{"@type":"ImageObject","inLanguage":"fr-FR","@id":"https:\/\/xlboom.com\/en\/#\/schema\/logo\/image\/","url":"https:\/\/www.xlboom.com\/wp-content\/uploads\/2020\/04\/xlboom.png","contentUrl":"https:\/\/www.xlboom.com\/wp-content\/uploads\/2020\/04\/xlboom.png","width":189,"height":52,"caption":"XL Boom"},"image":{"@id":"https:\/\/xlboom.com\/en\/#\/schema\/logo\/image\/"},"sameAs":["https:\/\/www.facebook.com\/XLBoom\/","https:\/\/www.instagram.com\/xlboom\/","https:\/\/www.pinterest.com\/xlboom\/"]}]}},"_links":{"self":[{"href":"https:\/\/www.xlboom.com\/fr\/wp-json\/wp\/v2\/product\/17778","targetHints":{"allow":["GET"]}}],"collection":[{"href":"https:\/\/www.xlboom.com\/fr\/wp-json\/wp\/v2\/product"}],"about":[{"href":"https:\/\/www.xlboom.com\/fr\/wp-json\/wp\/v2\/types\/product"}],"replies":[{"embeddable":true,"href":"https:\/\/www.xlboom.com\/fr\/wp-json\/wp\/v2\/comments?post=17778"}],"version-history":[{"count":0,"href":"https:\/\/www.xlboom.com\/fr\/wp-json\/wp\/v2\/product\/17778\/revisions"}],"wp:featuredmedia":[{"embeddable":true,"href":"https:\/\/www.xlboom.com\/fr\/wp-json\/wp\/v2\/media\/16343"}],"wp:attachment":[{"href":"https:\/\/www.xlboom.com\/fr\/wp-json\/wp\/v2\/media?parent=17778"}],"wp:term":[{"taxonomy":"product_brand","embeddable":true,"href":"https:\/\/www.xlboom.com\/fr\/wp-json\/wp\/v2\/product_brand?post=17778"},{"taxonomy":"product_cat","embeddable":true,"href":"https:\/\/www.xlboom.com\/fr\/wp-json\/wp\/v2\/product_cat?post=17778"},{"taxonomy":"product_tag","embeddable":true,"href":"https:\/\/www.xlboom.com\/fr\/wp-json\/wp\/v2\/product_tag?post=17778"},{"taxonomy":"giftcard-category","embeddable":true,"href":"https:\/\/www.xlboom.com\/fr\/wp-json\/wp\/v2\/giftcard-category?post=17778"},{"taxonomy":"woo-feed-brand","embeddable":true,"href":"https:\/\/www.xlboom.com\/fr\/wp-json\/wp\/v2\/woo-feed-brand?post=17778"}],"curies":[{"name":"wp","href":"https:\/\/api.w.org\/{rel}","templated":true}]}}