{"id":18963,"date":"2019-11-05T10:59:20","date_gmt":"2019-11-05T09:59:20","guid":{"rendered":"https:\/\/www.xlboom.com\/product\/elle-table-high\/"},"modified":"2026-02-13T09:23:49","modified_gmt":"2026-02-13T08:23:49","slug":"elle-table-high","status":"publish","type":"product","link":"https:\/\/www.xlboom.com\/fr\/Produit\/elle-table-high\/","title":{"rendered":"Elle Table Haute"},"content":{"rendered":"\n<p>Faites une d\u00e9claration de conception avec la table Elle. Le dessus de cette table d&#8217;appoint est en \u00e9mail et a toujours les m\u00eames dimensions. Les pieds en aluminium avec une finition en cuivre varient en taille selon le mod\u00e8le. Dans toutes ses variantes, cette table attire l&#8217;attention avec style.<\/p>\n","protected":false},"excerpt":{"rendered":"<p>&nbsp;<\/p>\n<div id=\"ConnectiveDocSignExtentionInstalled\" data-extension-version=\"1.0.4\">\u00a0<\/div>\n<div id=\"ConnectiveDocSignExtentionInstalled\" data-extension-version=\"1.0.4\">\u00a0<\/div>\n","protected":false},"featured_media":8305,"comment_status":"closed","ping_status":"closed","template":"","meta":{"_acf_changed":false,"inline_featured_image":false,"footnotes":""},"product_brand":[],"product_cat":[681],"product_tag":[],"giftcard-category":[],"woo-feed-brand":[],"class_list":{"0":"post-18963","1":"product","2":"type-product","3":"status-publish","4":"has-post-thumbnail","6":"product_cat-tables-fr","7":"pa_designer-xlboom-fr","9":"first","10":"instock","11":"taxable","12":"shipping-taxable","13":"purchasable","14":"product-type-simple"},"acf":[],"yoast_head":"<!-- This site is optimized with the Yoast SEO plugin v27.0 - https:\/\/yoast.com\/product\/yoast-seo-wordpress\/ -->\n<title>Elle Table Haute - White - XLBoom - Small Furniture<\/title>\n<meta name=\"description\" content=\"Discover the Elle Table High, designed by XLBoom. Take a look on the website and find out which other sizes are available as well.\" \/>\n<meta name=\"robots\" content=\"index, follow, max-snippet:-1, max-image-preview:large, max-video-preview:-1\" \/>\n<link rel=\"canonical\" href=\"https:\/\/www.xlboom.com\/fr\/Produit\/elle-table-high\/\" \/>\n<meta property=\"og:locale\" content=\"fr_FR\" \/>\n<meta property=\"og:type\" content=\"article\" \/>\n<meta property=\"og:title\" content=\"Elle Table Haute - White - XLBoom - Small Furniture\" \/>\n<meta property=\"og:description\" content=\"Discover the Elle Table High, designed by XLBoom. Take a look on the website and find out which other sizes are available as well.\" \/>\n<meta property=\"og:url\" content=\"https:\/\/www.xlboom.com\/fr\/Produit\/elle-table-high\/\" \/>\n<meta property=\"og:site_name\" content=\"XLBoom\" \/>\n<meta property=\"article:publisher\" content=\"https:\/\/www.facebook.com\/XLBoom\/\" \/>\n<meta property=\"article:modified_time\" content=\"2026-02-13T08:23:49+00:00\" \/>\n<meta property=\"og:image\" content=\"https:\/\/www.xlboom.com\/wp-content\/uploads\/2020\/08\/XLBA11203-01.jpg\" \/>\n\t<meta property=\"og:image:width\" content=\"600\" \/>\n\t<meta property=\"og:image:height\" content=\"600\" \/>\n\t<meta property=\"og:image:type\" content=\"image\/jpeg\" \/>\n<meta name=\"twitter:card\" content=\"summary_large_image\" \/>\n<!-- \/ Yoast SEO plugin. -->","yoast_head_json":{"title":"Elle Table Haute - White - XLBoom - Small Furniture","description":"Discover the Elle Table High, designed by XLBoom. Take a look on the website and find out which other sizes are available as well.","robots":{"index":"index","follow":"follow","max-snippet":"max-snippet:-1","max-image-preview":"max-image-preview:large","max-video-preview":"max-video-preview:-1"},"canonical":"https:\/\/www.xlboom.com\/fr\/Produit\/elle-table-high\/","og_locale":"fr_FR","og_type":"article","og_title":"Elle Table Haute - White - XLBoom - Small Furniture","og_description":"Discover the Elle Table High, designed by XLBoom. Take a look on the website and find out which other sizes are available as well.","og_url":"https:\/\/www.xlboom.com\/fr\/Produit\/elle-table-high\/","og_site_name":"XLBoom","article_publisher":"https:\/\/www.facebook.com\/XLBoom\/","article_modified_time":"2026-02-13T08:23:49+00:00","og_image":[{"width":600,"height":600,"url":"https:\/\/www.xlboom.com\/wp-content\/uploads\/2020\/08\/XLBA11203-01.jpg","type":"image\/jpeg"}],"twitter_card":"summary_large_image","schema":{"@context":"https:\/\/schema.org","@graph":[{"@type":"WebPage","@id":"https:\/\/www.xlboom.com\/fr\/Produit\/elle-table-high\/","url":"https:\/\/www.xlboom.com\/fr\/Produit\/elle-table-high\/","name":"Elle Table Haute - White - XLBoom - Small Furniture","isPartOf":{"@id":"https:\/\/xlboom.com\/en\/#website"},"primaryImageOfPage":{"@id":"https:\/\/www.xlboom.com\/fr\/Produit\/elle-table-high\/#primaryimage"},"image":{"@id":"https:\/\/www.xlboom.com\/fr\/Produit\/elle-table-high\/#primaryimage"},"thumbnailUrl":"https:\/\/www.xlboom.com\/wp-content\/uploads\/2020\/08\/XLBA11203-01.jpg","datePublished":"2019-11-05T09:59:20+00:00","dateModified":"2026-02-13T08:23:49+00:00","description":"Discover the Elle Table High, designed by XLBoom. Take a look on the website and find out which other sizes are available as well.","breadcrumb":{"@id":"https:\/\/www.xlboom.com\/fr\/Produit\/elle-table-high\/#breadcrumb"},"inLanguage":"fr-FR","potentialAction":[{"@type":"ReadAction","target":["https:\/\/www.xlboom.com\/fr\/Produit\/elle-table-high\/"]}]},{"@type":"ImageObject","inLanguage":"fr-FR","@id":"https:\/\/www.xlboom.com\/fr\/Produit\/elle-table-high\/#primaryimage","url":"https:\/\/www.xlboom.com\/wp-content\/uploads\/2020\/08\/XLBA11203-01.jpg","contentUrl":"https:\/\/www.xlboom.com\/wp-content\/uploads\/2020\/08\/XLBA11203-01.jpg","width":600,"height":600,"caption":"Elle Table High"},{"@type":"BreadcrumbList","@id":"https:\/\/www.xlboom.com\/fr\/Produit\/elle-table-high\/#breadcrumb","itemListElement":[{"@type":"ListItem","position":1,"name":"Home","item":"https:\/\/www.xlboom.com\/fr\/"},{"@type":"ListItem","position":2,"name":"Shop","item":"https:\/\/www.xlboom.com\/fr\/shop\/"},{"@type":"ListItem","position":3,"name":"Elle Table Haute"}]},{"@type":"WebSite","@id":"https:\/\/xlboom.com\/en\/#website","url":"https:\/\/xlboom.com\/en\/","name":"XLBoom","description":"Elaborate objects for in- and outdoors","publisher":{"@id":"https:\/\/xlboom.com\/en\/#organization"},"potentialAction":[{"@type":"SearchAction","target":{"@type":"EntryPoint","urlTemplate":"https:\/\/xlboom.com\/en\/?s={search_term_string}"},"query-input":{"@type":"PropertyValueSpecification","valueRequired":true,"valueName":"search_term_string"}}],"inLanguage":"fr-FR"},{"@type":"Organization","@id":"https:\/\/xlboom.com\/en\/#organization","name":"XL Boom","url":"https:\/\/xlboom.com\/en\/","logo":{"@type":"ImageObject","inLanguage":"fr-FR","@id":"https:\/\/xlboom.com\/en\/#\/schema\/logo\/image\/","url":"https:\/\/www.xlboom.com\/wp-content\/uploads\/2020\/04\/xlboom.png","contentUrl":"https:\/\/www.xlboom.com\/wp-content\/uploads\/2020\/04\/xlboom.png","width":189,"height":52,"caption":"XL Boom"},"image":{"@id":"https:\/\/xlboom.com\/en\/#\/schema\/logo\/image\/"},"sameAs":["https:\/\/www.facebook.com\/XLBoom\/","https:\/\/www.instagram.com\/xlboom\/","https:\/\/www.pinterest.com\/xlboom\/"]}]}},"_links":{"self":[{"href":"https:\/\/www.xlboom.com\/fr\/wp-json\/wp\/v2\/product\/18963","targetHints":{"allow":["GET"]}}],"collection":[{"href":"https:\/\/www.xlboom.com\/fr\/wp-json\/wp\/v2\/product"}],"about":[{"href":"https:\/\/www.xlboom.com\/fr\/wp-json\/wp\/v2\/types\/product"}],"replies":[{"embeddable":true,"href":"https:\/\/www.xlboom.com\/fr\/wp-json\/wp\/v2\/comments?post=18963"}],"version-history":[{"count":0,"href":"https:\/\/www.xlboom.com\/fr\/wp-json\/wp\/v2\/product\/18963\/revisions"}],"wp:featuredmedia":[{"embeddable":true,"href":"https:\/\/www.xlboom.com\/fr\/wp-json\/wp\/v2\/media\/8305"}],"wp:attachment":[{"href":"https:\/\/www.xlboom.com\/fr\/wp-json\/wp\/v2\/media?parent=18963"}],"wp:term":[{"taxonomy":"product_brand","embeddable":true,"href":"https:\/\/www.xlboom.com\/fr\/wp-json\/wp\/v2\/product_brand?post=18963"},{"taxonomy":"product_cat","embeddable":true,"href":"https:\/\/www.xlboom.com\/fr\/wp-json\/wp\/v2\/product_cat?post=18963"},{"taxonomy":"product_tag","embeddable":true,"href":"https:\/\/www.xlboom.com\/fr\/wp-json\/wp\/v2\/product_tag?post=18963"},{"taxonomy":"giftcard-category","embeddable":true,"href":"https:\/\/www.xlboom.com\/fr\/wp-json\/wp\/v2\/giftcard-category?post=18963"},{"taxonomy":"woo-feed-brand","embeddable":true,"href":"https:\/\/www.xlboom.com\/fr\/wp-json\/wp\/v2\/woo-feed-brand?post=18963"}],"curies":[{"name":"wp","href":"https:\/\/api.w.org\/{rel}","templated":true}]}}