{"id":30269,"date":"2023-01-25T17:07:42","date_gmt":"2023-01-25T16:07:42","guid":{"rendered":"https:\/\/www.xlboom.com\/product\/spinn-vase-large-6\/"},"modified":"2026-04-28T14:28:19","modified_gmt":"2026-04-28T12:28:19","slug":"spinn-vase-large-6","status":"publish","type":"product","link":"https:\/\/www.xlboom.com\/fr\/Produit\/spinn-vase-large-6\/","title":{"rendered":"Spinn Vase Large"},"content":{"rendered":"\n<p>D\u00e9couvrez les \u00e9l\u00e9gants vases Spinn, con\u00e7us par le talentueux designer Frederik Delbart, souffl\u00e9s \u00e0 la bouche \u00e0 la perfection. Si vous aimez ajouter un bouquet \u00e0 votre int\u00e9rieur de temps en temps, ces vases \u00e0 fleurs sont un must absolu. Que vous pr\u00e9f\u00e9riez m\u00e9langer les couleurs ou rester simple, avec 7 couleurs diff\u00e9rentes et 3 tailles au choix, le vase Spinn offre des possibilit\u00e9s infinies.<\/p>\n\n<p>Fabriqu\u00e9 avec une grande attention aux d\u00e9tails, chaque vase t\u00e9moigne de l&#8217;expertise exceptionnelle de Delbart en mati\u00e8re de design. Avec des lignes \u00e9pur\u00e9es et une sym\u00e9trie captivante, ils ont la capacit\u00e9 de transformer n&#8217;importe quelle pi\u00e8ce de votre maison.<\/p>\n\n<p>Apportez la beaut\u00e9 de la nature \u00e0 l&#8217;int\u00e9rieur et rehaussez votre d\u00e9coration int\u00e9rieure avec les magnifiques vases Spinn. D\u00e9couvrez d\u00e8s maintenant le m\u00e9lange parfait de style et d&#8217;\u00e9l\u00e9gance!<\/p>\n\n<p>Conseil de style: Combinez les vases Spinn avec nos photophores parfum\u00e9es Volta pour un arrangement chic et apaisant.<\/p>\n\n<p> <\/p>\n","protected":false},"excerpt":{"rendered":"<p>D\u00e9couvrez les \u00e9l\u00e9gants vases Spinn, con\u00e7us par le talentueux designer Frederik Delbart, souffl\u00e9s \u00e0 la bouche \u00e0 la perfection. Si vous aimez ajouter un bouquet \u00e0 votre int\u00e9rieur de temps en temps, ces vases \u00e0 fleurs sont un must absolu. Que vous pr\u00e9f\u00e9riez m\u00e9langer les couleurs ou rester simple, avec 7 couleurs diff\u00e9rentes et 3 [&hellip;]<\/p>\n","protected":false},"featured_media":30075,"comment_status":"closed","ping_status":"closed","template":"","meta":{"_acf_changed":false,"inline_featured_image":false,"footnotes":""},"product_brand":[],"product_cat":[1166,707,617],"product_tag":[],"giftcard-category":[],"woo-feed-brand":[],"class_list":{"0":"post-30269","1":"product","2":"type-product","3":"status-publish","4":"has-post-thumbnail","6":"product_cat-vases","7":"product_cat-fleurs-plants","8":"product_cat-vases-2-fr","9":"pa_designer-frederik-delbart-fr","11":"first","12":"outofstock","13":"taxable","14":"shipping-taxable","15":"purchasable","16":"product-type-simple"},"acf":[],"yoast_head":"<!-- This site is optimized with the Yoast SEO plugin v27.0 - https:\/\/yoast.com\/product\/yoast-seo-wordpress\/ -->\n<title>Spinn Vase Large - Vert Doux - XLBoom Flower Vase<\/title>\n<meta name=\"description\" content=\"Vous avez du mal \u00e0 trouver le bon vase pour vos fleurs ? Nos vases Spinn sont peut-\u00eatre ce que vous cherchez. Ils existent en 3 tailles...\" \/>\n<meta name=\"robots\" content=\"index, follow, max-snippet:-1, max-image-preview:large, max-video-preview:-1\" \/>\n<link rel=\"canonical\" href=\"https:\/\/www.xlboom.com\/fr\/Produit\/spinn-vase-large-6\/\" \/>\n<meta property=\"og:locale\" content=\"fr_FR\" \/>\n<meta property=\"og:type\" content=\"article\" \/>\n<meta property=\"og:title\" content=\"Spinn Vase Large - Vert Doux - XLBoom Flower Vase\" \/>\n<meta property=\"og:description\" content=\"Vous avez du mal \u00e0 trouver le bon vase pour vos fleurs ? Nos vases Spinn sont peut-\u00eatre ce que vous cherchez. Ils existent en 3 tailles...\" \/>\n<meta property=\"og:url\" content=\"https:\/\/www.xlboom.com\/fr\/Produit\/spinn-vase-large-6\/\" \/>\n<meta property=\"og:site_name\" content=\"XLBoom\" \/>\n<meta property=\"article:publisher\" content=\"https:\/\/www.facebook.com\/XLBoom\/\" \/>\n<meta property=\"article:modified_time\" content=\"2026-04-28T12:28:19+00:00\" \/>\n<meta name=\"twitter:card\" content=\"summary_large_image\" \/>\n<meta name=\"twitter:label1\" content=\"Dur\u00e9e de lecture estim\u00e9e\" \/>\n\t<meta name=\"twitter:data1\" content=\"1 minute\" \/>\n<!-- \/ Yoast SEO plugin. -->","yoast_head_json":{"title":"Spinn Vase Large - Vert Doux - XLBoom Flower Vase","description":"Vous avez du mal \u00e0 trouver le bon vase pour vos fleurs ? Nos vases Spinn sont peut-\u00eatre ce que vous cherchez. Ils existent en 3 tailles...","robots":{"index":"index","follow":"follow","max-snippet":"max-snippet:-1","max-image-preview":"max-image-preview:large","max-video-preview":"max-video-preview:-1"},"canonical":"https:\/\/www.xlboom.com\/fr\/Produit\/spinn-vase-large-6\/","og_locale":"fr_FR","og_type":"article","og_title":"Spinn Vase Large - Vert Doux - XLBoom Flower Vase","og_description":"Vous avez du mal \u00e0 trouver le bon vase pour vos fleurs ? Nos vases Spinn sont peut-\u00eatre ce que vous cherchez. Ils existent en 3 tailles...","og_url":"https:\/\/www.xlboom.com\/fr\/Produit\/spinn-vase-large-6\/","og_site_name":"XLBoom","article_publisher":"https:\/\/www.facebook.com\/XLBoom\/","article_modified_time":"2026-04-28T12:28:19+00:00","twitter_card":"summary_large_image","twitter_misc":{"Dur\u00e9e de lecture estim\u00e9e":"1 minute"},"schema":{"@context":"https:\/\/schema.org","@graph":[{"@type":"WebPage","@id":"https:\/\/www.xlboom.com\/fr\/Produit\/spinn-vase-large-6\/","url":"https:\/\/www.xlboom.com\/fr\/Produit\/spinn-vase-large-6\/","name":"Spinn Vase Large - Vert Doux - XLBoom Flower Vase","isPartOf":{"@id":"https:\/\/xlboom.com\/en\/#website"},"primaryImageOfPage":{"@id":"https:\/\/www.xlboom.com\/fr\/Produit\/spinn-vase-large-6\/#primaryimage"},"image":{"@id":"https:\/\/www.xlboom.com\/fr\/Produit\/spinn-vase-large-6\/#primaryimage"},"thumbnailUrl":"https:\/\/www.xlboom.com\/wp-content\/uploads\/2023\/01\/XLBA18204-66.jpg","datePublished":"2023-01-25T16:07:42+00:00","dateModified":"2026-04-28T12:28:19+00:00","description":"Vous avez du mal \u00e0 trouver le bon vase pour vos fleurs ? Nos vases Spinn sont peut-\u00eatre ce que vous cherchez. Ils existent en 3 tailles...","breadcrumb":{"@id":"https:\/\/www.xlboom.com\/fr\/Produit\/spinn-vase-large-6\/#breadcrumb"},"inLanguage":"fr-FR","potentialAction":[{"@type":"ReadAction","target":["https:\/\/www.xlboom.com\/fr\/Produit\/spinn-vase-large-6\/"]}]},{"@type":"ImageObject","inLanguage":"fr-FR","@id":"https:\/\/www.xlboom.com\/fr\/Produit\/spinn-vase-large-6\/#primaryimage","url":"https:\/\/www.xlboom.com\/wp-content\/uploads\/2023\/01\/XLBA18204-66.jpg","contentUrl":"https:\/\/www.xlboom.com\/wp-content\/uploads\/2023\/01\/XLBA18204-66.jpg","width":1024,"height":1024,"caption":"spinn large light green"},{"@type":"BreadcrumbList","@id":"https:\/\/www.xlboom.com\/fr\/Produit\/spinn-vase-large-6\/#breadcrumb","itemListElement":[{"@type":"ListItem","position":1,"name":"Home","item":"https:\/\/www.xlboom.com\/fr\/"},{"@type":"ListItem","position":2,"name":"Shop","item":"https:\/\/www.xlboom.com\/fr\/shop\/"},{"@type":"ListItem","position":3,"name":"Spinn Vase Large"}]},{"@type":"WebSite","@id":"https:\/\/xlboom.com\/en\/#website","url":"https:\/\/xlboom.com\/en\/","name":"XLBoom","description":"Elaborate objects for in- and outdoors","publisher":{"@id":"https:\/\/xlboom.com\/en\/#organization"},"potentialAction":[{"@type":"SearchAction","target":{"@type":"EntryPoint","urlTemplate":"https:\/\/xlboom.com\/en\/?s={search_term_string}"},"query-input":{"@type":"PropertyValueSpecification","valueRequired":true,"valueName":"search_term_string"}}],"inLanguage":"fr-FR"},{"@type":"Organization","@id":"https:\/\/xlboom.com\/en\/#organization","name":"XL Boom","url":"https:\/\/xlboom.com\/en\/","logo":{"@type":"ImageObject","inLanguage":"fr-FR","@id":"https:\/\/xlboom.com\/en\/#\/schema\/logo\/image\/","url":"https:\/\/www.xlboom.com\/wp-content\/uploads\/2020\/04\/xlboom.png","contentUrl":"https:\/\/www.xlboom.com\/wp-content\/uploads\/2020\/04\/xlboom.png","width":189,"height":52,"caption":"XL Boom"},"image":{"@id":"https:\/\/xlboom.com\/en\/#\/schema\/logo\/image\/"},"sameAs":["https:\/\/www.facebook.com\/XLBoom\/","https:\/\/www.instagram.com\/xlboom\/","https:\/\/www.pinterest.com\/xlboom\/"]}]}},"_links":{"self":[{"href":"https:\/\/www.xlboom.com\/fr\/wp-json\/wp\/v2\/product\/30269","targetHints":{"allow":["GET"]}}],"collection":[{"href":"https:\/\/www.xlboom.com\/fr\/wp-json\/wp\/v2\/product"}],"about":[{"href":"https:\/\/www.xlboom.com\/fr\/wp-json\/wp\/v2\/types\/product"}],"replies":[{"embeddable":true,"href":"https:\/\/www.xlboom.com\/fr\/wp-json\/wp\/v2\/comments?post=30269"}],"version-history":[{"count":0,"href":"https:\/\/www.xlboom.com\/fr\/wp-json\/wp\/v2\/product\/30269\/revisions"}],"wp:featuredmedia":[{"embeddable":true,"href":"https:\/\/www.xlboom.com\/fr\/wp-json\/wp\/v2\/media\/30075"}],"wp:attachment":[{"href":"https:\/\/www.xlboom.com\/fr\/wp-json\/wp\/v2\/media?parent=30269"}],"wp:term":[{"taxonomy":"product_brand","embeddable":true,"href":"https:\/\/www.xlboom.com\/fr\/wp-json\/wp\/v2\/product_brand?post=30269"},{"taxonomy":"product_cat","embeddable":true,"href":"https:\/\/www.xlboom.com\/fr\/wp-json\/wp\/v2\/product_cat?post=30269"},{"taxonomy":"product_tag","embeddable":true,"href":"https:\/\/www.xlboom.com\/fr\/wp-json\/wp\/v2\/product_tag?post=30269"},{"taxonomy":"giftcard-category","embeddable":true,"href":"https:\/\/www.xlboom.com\/fr\/wp-json\/wp\/v2\/giftcard-category?post=30269"},{"taxonomy":"woo-feed-brand","embeddable":true,"href":"https:\/\/www.xlboom.com\/fr\/wp-json\/wp\/v2\/woo-feed-brand?post=30269"}],"curies":[{"name":"wp","href":"https:\/\/api.w.org\/{rel}","templated":true}]}}